{"id":20583,"date":"2020-12-22T11:45:57","date_gmt":"2020-12-22T16:45:57","guid":{"rendered":"https:\/\/gmdistribution.ca\/products\/bi100\/"},"modified":"2020-12-22T11:45:57","modified_gmt":"2020-12-22T16:45:57","slug":"bi100","status":"publish","type":"product","link":"https:\/\/gmdistribution.ca\/en\/product\/bi100\/","title":{"rendered":"BI100"},"content":{"rendered":"<p>Dimensions : 17.7 po de Haut X 100 po de Large X 5.8 po de Profond<br \/>\nCapacit\u00e9 de chauffage : 1 500 Watts<\/p>\n","protected":false},"excerpt":{"rendered":"<p>Vient avec b\u00fbches et verres concass\u00e9s<br \/>\nOptions de chauffage \u00e0 2 niveaux<br \/>\nFlammes op\u00e9rant avec ou sans chaleur<br \/>\nFonction de 3 couleurs de flammes en boucle<br \/>\nTemp\u00e9rature ajustable<br \/>\nProtection contre la surchauffe<br \/>\nProgrammation de 1 \u00e0 9 heures<br \/>\nTechnologie LED<br \/>\nAffichage LCD<br \/>\nPanneau de contr\u00f4le manuel<br \/>\nManette \u00e0 distance<br \/>\nJeu de flammes orange, bleu et violette<\/p>\n","protected":false},"featured_media":20560,"template":"","meta":[],"product_cat":[115],"product_tag":[],"yoast_head":"<!-- This site is optimized with the Yoast SEO plugin v20.4 - https:\/\/yoast.com\/wordpress\/plugins\/seo\/ -->\n<title>BI100 - Groupe Multi Distribution<\/title>\n<meta name=\"robots\" content=\"index, follow, max-snippet:-1, max-image-preview:large, max-video-preview:-1\" \/>\n<link rel=\"canonical\" href=\"https:\/\/gmdistribution.ca\/en\/product\/bi100\/\" \/>\n<meta property=\"og:locale\" content=\"en_US\" \/>\n<meta property=\"og:type\" content=\"article\" \/>\n<meta property=\"og:title\" content=\"BI100 - Groupe Multi Distribution\" \/>\n<meta property=\"og:description\" content=\"Vient avec b\u00fbches et verres concass\u00e9s Options de chauffage \u00e0 2 niveaux Flammes op\u00e9rant avec ou sans chaleur Fonction de 3 couleurs de flammes en boucle Temp\u00e9rature ajustable Protection contre la surchauffe Programmation de 1 \u00e0 9 heures Technologie LED Affichage LCD Panneau de contr\u00f4le manuel Manette \u00e0 distance Jeu de flammes orange, bleu et violette\" \/>\n<meta property=\"og:url\" content=\"https:\/\/gmdistribution.ca\/en\/product\/bi100\/\" \/>\n<meta property=\"og:site_name\" content=\"Groupe Multi Distribution\" \/>\n<meta property=\"article:publisher\" content=\"https:\/\/www.facebook.com\/gmdistribution.ca\" \/>\n<meta property=\"og:image\" content=\"https:\/\/gmdistribution.ca\/wp-content\/uploads\/2020\/12\/PHOTO_BI.png\" \/>\n\t<meta property=\"og:image:width\" content=\"936\" \/>\n\t<meta property=\"og:image:height\" content=\"517\" \/>\n\t<meta property=\"og:image:type\" content=\"image\/png\" \/>\n<meta name=\"twitter:card\" content=\"summary_large_image\" \/>\n<script type=\"application\/ld+json\" class=\"yoast-schema-graph\">{\"@context\":\"https:\/\/schema.org\",\"@graph\":[{\"@type\":\"WebPage\",\"@id\":\"https:\/\/gmdistribution.ca\/en\/product\/bi100\/\",\"url\":\"https:\/\/gmdistribution.ca\/en\/product\/bi100\/\",\"name\":\"BI100 - Groupe Multi Distribution\",\"isPartOf\":{\"@id\":\"https:\/\/gmdistribution.ca\/#website\"},\"datePublished\":\"2020-12-22T16:45:57+00:00\",\"dateModified\":\"2020-12-22T16:45:57+00:00\",\"breadcrumb\":{\"@id\":\"https:\/\/gmdistribution.ca\/en\/product\/bi100\/#breadcrumb\"},\"inLanguage\":\"en-US\",\"potentialAction\":[{\"@type\":\"ReadAction\",\"target\":[\"https:\/\/gmdistribution.ca\/en\/product\/bi100\/\"]}]},{\"@type\":\"BreadcrumbList\",\"@id\":\"https:\/\/gmdistribution.ca\/en\/product\/bi100\/#breadcrumb\",\"itemListElement\":[{\"@type\":\"ListItem\",\"position\":1,\"name\":\"Accueil\",\"item\":\"https:\/\/gmdistribution.ca\/en\/\"},{\"@type\":\"ListItem\",\"position\":2,\"name\":\"Products\",\"item\":\"https:\/\/gmdistribution.ca\/en\/products\/\"},{\"@type\":\"ListItem\",\"position\":3,\"name\":\"BI100\"}]},{\"@type\":\"WebSite\",\"@id\":\"https:\/\/gmdistribution.ca\/#website\",\"url\":\"https:\/\/gmdistribution.ca\/\",\"name\":\"Groupe Multi Distribution\",\"description\":\"Serving you is our pleasure!\",\"publisher\":{\"@id\":\"https:\/\/gmdistribution.ca\/#organization\"},\"potentialAction\":[{\"@type\":\"SearchAction\",\"target\":{\"@type\":\"EntryPoint\",\"urlTemplate\":\"https:\/\/gmdistribution.ca\/?s={search_term_string}\"},\"query-input\":\"required name=search_term_string\"}],\"inLanguage\":\"en-US\"},{\"@type\":\"Organization\",\"@id\":\"https:\/\/gmdistribution.ca\/#organization\",\"name\":\"Groupe Multi Distribution inc\",\"url\":\"https:\/\/gmdistribution.ca\/\",\"logo\":{\"@type\":\"ImageObject\",\"inLanguage\":\"en-US\",\"@id\":\"https:\/\/gmdistribution.ca\/#\/schema\/logo\/image\/\",\"url\":\"https:\/\/gmdistribution.ca\/wp-content\/uploads\/2015\/09\/logo_groupe_multi_distribution459x180px.png\",\"contentUrl\":\"https:\/\/gmdistribution.ca\/wp-content\/uploads\/2015\/09\/logo_groupe_multi_distribution459x180px.png\",\"width\":459,\"height\":180,\"caption\":\"Groupe Multi Distribution inc\"},\"image\":{\"@id\":\"https:\/\/gmdistribution.ca\/#\/schema\/logo\/image\/\"},\"sameAs\":[\"https:\/\/www.facebook.com\/gmdistribution.ca\"]}]}<\/script>\n<!-- \/ Yoast SEO plugin. -->","yoast_head_json":{"title":"BI100 - Groupe Multi Distribution","robots":{"index":"index","follow":"follow","max-snippet":"max-snippet:-1","max-image-preview":"max-image-preview:large","max-video-preview":"max-video-preview:-1"},"canonical":"https:\/\/gmdistribution.ca\/en\/product\/bi100\/","og_locale":"en_US","og_type":"article","og_title":"BI100 - Groupe Multi Distribution","og_description":"Vient avec b\u00fbches et verres concass\u00e9s Options de chauffage \u00e0 2 niveaux Flammes op\u00e9rant avec ou sans chaleur Fonction de 3 couleurs de flammes en boucle Temp\u00e9rature ajustable Protection contre la surchauffe Programmation de 1 \u00e0 9 heures Technologie LED Affichage LCD Panneau de contr\u00f4le manuel Manette \u00e0 distance Jeu de flammes orange, bleu et violette","og_url":"https:\/\/gmdistribution.ca\/en\/product\/bi100\/","og_site_name":"Groupe Multi Distribution","article_publisher":"https:\/\/www.facebook.com\/gmdistribution.ca","og_image":[{"width":936,"height":517,"url":"https:\/\/gmdistribution.ca\/wp-content\/uploads\/2020\/12\/PHOTO_BI.png","type":"image\/png"}],"twitter_card":"summary_large_image","schema":{"@context":"https:\/\/schema.org","@graph":[{"@type":"WebPage","@id":"https:\/\/gmdistribution.ca\/en\/product\/bi100\/","url":"https:\/\/gmdistribution.ca\/en\/product\/bi100\/","name":"BI100 - Groupe Multi Distribution","isPartOf":{"@id":"https:\/\/gmdistribution.ca\/#website"},"datePublished":"2020-12-22T16:45:57+00:00","dateModified":"2020-12-22T16:45:57+00:00","breadcrumb":{"@id":"https:\/\/gmdistribution.ca\/en\/product\/bi100\/#breadcrumb"},"inLanguage":"en-US","potentialAction":[{"@type":"ReadAction","target":["https:\/\/gmdistribution.ca\/en\/product\/bi100\/"]}]},{"@type":"BreadcrumbList","@id":"https:\/\/gmdistribution.ca\/en\/product\/bi100\/#breadcrumb","itemListElement":[{"@type":"ListItem","position":1,"name":"Accueil","item":"https:\/\/gmdistribution.ca\/en\/"},{"@type":"ListItem","position":2,"name":"Products","item":"https:\/\/gmdistribution.ca\/en\/products\/"},{"@type":"ListItem","position":3,"name":"BI100"}]},{"@type":"WebSite","@id":"https:\/\/gmdistribution.ca\/#website","url":"https:\/\/gmdistribution.ca\/","name":"Groupe Multi Distribution","description":"Serving you is our pleasure!","publisher":{"@id":"https:\/\/gmdistribution.ca\/#organization"},"potentialAction":[{"@type":"SearchAction","target":{"@type":"EntryPoint","urlTemplate":"https:\/\/gmdistribution.ca\/?s={search_term_string}"},"query-input":"required name=search_term_string"}],"inLanguage":"en-US"},{"@type":"Organization","@id":"https:\/\/gmdistribution.ca\/#organization","name":"Groupe Multi Distribution inc","url":"https:\/\/gmdistribution.ca\/","logo":{"@type":"ImageObject","inLanguage":"en-US","@id":"https:\/\/gmdistribution.ca\/#\/schema\/logo\/image\/","url":"https:\/\/gmdistribution.ca\/wp-content\/uploads\/2015\/09\/logo_groupe_multi_distribution459x180px.png","contentUrl":"https:\/\/gmdistribution.ca\/wp-content\/uploads\/2015\/09\/logo_groupe_multi_distribution459x180px.png","width":459,"height":180,"caption":"Groupe Multi Distribution inc"},"image":{"@id":"https:\/\/gmdistribution.ca\/#\/schema\/logo\/image\/"},"sameAs":["https:\/\/www.facebook.com\/gmdistribution.ca"]}]}},"_links":{"self":[{"href":"https:\/\/gmdistribution.ca\/en\/wp-json\/wp\/v2\/product\/20583"}],"collection":[{"href":"https:\/\/gmdistribution.ca\/en\/wp-json\/wp\/v2\/product"}],"about":[{"href":"https:\/\/gmdistribution.ca\/en\/wp-json\/wp\/v2\/types\/product"}],"wp:featuredmedia":[{"embeddable":true,"href":"https:\/\/gmdistribution.ca\/en\/wp-json\/wp\/v2\/media\/20560"}],"wp:attachment":[{"href":"https:\/\/gmdistribution.ca\/en\/wp-json\/wp\/v2\/media?parent=20583"}],"wp:term":[{"taxonomy":"product_cat","embeddable":true,"href":"https:\/\/gmdistribution.ca\/en\/wp-json\/wp\/v2\/product_cat?post=20583"},{"taxonomy":"product_tag","embeddable":true,"href":"https:\/\/gmdistribution.ca\/en\/wp-json\/wp\/v2\/product_tag?post=20583"}],"curies":[{"name":"wp","href":"https:\/\/api.w.org\/{rel}","templated":true}]}}